{"id":2,"date":"2025-08-30T14:26:17","date_gmt":"2025-08-30T14:26:17","guid":{"rendered":"https:\/\/lapikadeelyta.cl\/?page_id=2"},"modified":"2025-09-02T17:38:51","modified_gmt":"2025-09-02T17:38:51","slug":"sample-page","status":"publish","type":"page","link":"https:\/\/lapikadeelyta.cl\/index.php\/sample-page\/","title":{"rendered":"Quienes somos"},"content":{"rendered":"\t\t<div data-elementor-type=\"wp-page\" data-elementor-id=\"2\" class=\"elementor elementor-2\">\n\t\t\t\t<div class=\"elementor-element elementor-element-22ac767d e-flex e-con-boxed e-con e-parent\" data-id=\"22ac767d\" data-element_type=\"container\">\n\t\t\t\t\t<div class=\"e-con-inner\">\n\t\t\t\t<div class=\"elementor-element elementor-element-12b6c964 elementor-widget elementor-widget-text-editor\" data-id=\"12b6c964\" data-element_type=\"widget\" data-widget_type=\"text-editor.default\">\n\t\t\t\t\t\t\t\t\t\n<p><\/p>\n\n\n\n<blockquote class=\"wp-block-quote is-layout-flow wp-block-quote-is-layout-flow\">\n<p><\/p>\n<\/blockquote>\n\n\n\n<p><\/p>\n\n\n\n<blockquote class=\"wp-block-quote is-layout-flow wp-block-quote-is-layout-flow\">\n<p><\/p>\n<\/blockquote>\n\n\n\n<p><\/p>\n\t\t\t\t\t\t\t\t<\/div>\n\t\t\t\t\t<\/div>\n\t\t\t\t<\/div>\n\t\t<div class=\"elementor-element elementor-element-5da326a e-flex e-con-boxed e-con e-parent\" data-id=\"5da326a\" data-element_type=\"container\">\n\t\t\t\t\t<div class=\"e-con-inner\">\n\t\t<div class=\"elementor-element elementor-element-7bfb998 e-con-full e-flex e-con e-child\" data-id=\"7bfb998\" data-element_type=\"container\">\n\t\t\t\t<div class=\"elementor-element elementor-element-7da7bf1 elementor-widget elementor-widget-text-editor\" data-id=\"7da7bf1\" data-element_type=\"widget\" data-widget_type=\"text-editor.default\">\n\t\t\t\t\t\t\t\t\t<p>La \u00ab<strong>Pika de Elyta<\/strong>\u00bb es un local de pescados y mariscos que se encuentra en Valpara\u00edso. Est\u00e1 ubicada en el Camino a Las Docas 1573, en la zona de Laguna Verde. Es conocida como una \u00abpicada t\u00edpica chilena\u00bb, un t\u00e9rmino que en Chile se refiere a un restaurante o local de comida tradicional y a menudo a precios accesibles, que se destaca por su sabor casero y su ambiente aut\u00e9ntico. Si bien no hay mucha informaci\u00f3n detallada sobre el men\u00fa o las opiniones de los clientes en los resultados de la b\u00fasqueda, su nombre y ubicaci\u00f3n sugieren que es un lugar popular entre quienes buscan una experiencia gastron\u00f3mica local en la costa de Valpara\u00edso.<\/p>\t\t\t\t\t\t\t\t<\/div>\n\t\t\t\t<\/div>\n\t\t<div class=\"elementor-element elementor-element-c867ddd e-con-full e-flex e-con e-child\" data-id=\"c867ddd\" data-element_type=\"container\">\n\t\t\t\t<div class=\"elementor-element elementor-element-8f20a95 elementor-widget elementor-widget-image\" data-id=\"8f20a95\" data-element_type=\"widget\" data-widget_type=\"image.default\">\n\t\t\t\t\t\t\t\t\t\t\t\t\t\t\t<img fetchpriority=\"high\" decoding=\"async\" width=\"768\" height=\"1024\" src=\"https:\/\/lapikadeelyta.cl\/wp-content\/uploads\/2025\/08\/IMG_20250826_175903_11-768x1024.jpg\" class=\"attachment-large size-large wp-image-67\" alt=\"\" srcset=\"https:\/\/lapikadeelyta.cl\/wp-content\/uploads\/2025\/08\/IMG_20250826_175903_11-768x1024.jpg 768w, https:\/\/lapikadeelyta.cl\/wp-content\/uploads\/2025\/08\/IMG_20250826_175903_11-225x300.jpg 225w, https:\/\/lapikadeelyta.cl\/wp-content\/uploads\/2025\/08\/IMG_20250826_175903_11-1152x1536.jpg 1152w, https:\/\/lapikadeelyta.cl\/wp-content\/uploads\/2025\/08\/IMG_20250826_175903_11-1140x1520.jpg 1140w, https:\/\/lapikadeelyta.cl\/wp-content\/uploads\/2025\/08\/IMG_20250826_175903_11.jpg 1485w\" sizes=\"(max-width: 768px) 100vw, 768px\" \/>\t\t\t\t\t\t\t\t\t\t\t\t\t\t\t<\/div>\n\t\t\t\t<\/div>\n\t\t\t\t\t<\/div>\n\t\t\t\t<\/div>\n\t\t\t\t<\/div>\n\t\t","protected":false},"excerpt":{"rendered":"<p>La \u00abPika de Elyta\u00bb es un local de pescados y mariscos que se encuentra en Valpara\u00edso. Est\u00e1 ubicada en el Camino a Las Docas 1573, en la zona de Laguna Verde. Es conocida como una \u00abpicada t\u00edpica chilena\u00bb, un t\u00e9rmino que en Chile se refiere a un restaurante o local de comida tradicional y a &hellip; <\/p>\n<p><a class=\"more-link btn\" href=\"https:\/\/lapikadeelyta.cl\/index.php\/sample-page\/\">Seguir leyendo<\/a><\/p>\n","protected":false},"author":1,"featured_media":0,"parent":0,"menu_order":0,"comment_status":"closed","ping_status":"open","template":"","meta":{"footnotes":""},"class_list":["post-2","page","type-page","status-publish","hentry","nodate","item-wrap"],"jetpack_sharing_enabled":true,"_links":{"self":[{"href":"https:\/\/lapikadeelyta.cl\/index.php\/wp-json\/wp\/v2\/pages\/2","targetHints":{"allow":["GET"]}}],"collection":[{"href":"https:\/\/lapikadeelyta.cl\/index.php\/wp-json\/wp\/v2\/pages"}],"about":[{"href":"https:\/\/lapikadeelyta.cl\/index.php\/wp-json\/wp\/v2\/types\/page"}],"author":[{"embeddable":true,"href":"https:\/\/lapikadeelyta.cl\/index.php\/wp-json\/wp\/v2\/users\/1"}],"replies":[{"embeddable":true,"href":"https:\/\/lapikadeelyta.cl\/index.php\/wp-json\/wp\/v2\/comments?post=2"}],"version-history":[{"count":7,"href":"https:\/\/lapikadeelyta.cl\/index.php\/wp-json\/wp\/v2\/pages\/2\/revisions"}],"predecessor-version":[{"id":86,"href":"https:\/\/lapikadeelyta.cl\/index.php\/wp-json\/wp\/v2\/pages\/2\/revisions\/86"}],"wp:attachment":[{"href":"https:\/\/lapikadeelyta.cl\/index.php\/wp-json\/wp\/v2\/media?parent=2"}],"curies":[{"name":"wp","href":"https:\/\/api.w.org\/{rel}","templated":true}]}}